{"id":3279,"date":"2023-12-19T08:43:33","date_gmt":"2023-12-19T11:43:33","guid":{"rendered":"https:\/\/tattooperfumes.com.br\/?post_type=product&#038;p=3279"},"modified":"2025-12-04T14:09:56","modified_gmt":"2025-12-04T17:09:56","slug":"tt-24-inspiracao-jadore-dior-contratipo","status":"publish","type":"product","link":"https:\/\/tattooperfumes.com.br\/index.php\/produto\/tt-24-inspiracao-jadore-dior-contratipo\/","title":{"rendered":"Tt 24 INSPIRA\u00c7\u00c3O J\u00b4ADORE DIOR"},"content":{"rendered":"\n<h2 class=\"wp-block-heading has-text-color has-link-color has-large-font-size wp-elements-6cafeddda85c6253f681bbd97ccd6f20\" style=\"color:#9d1313;font-style:italic;font-weight:600\">Contratipo <strong><em>Tt 24 Inspira\u00e7\u00e3o J\u00b4adore Dior<\/em><\/strong><\/h2>\n\n\n\n<p><\/p>\n\n\n\n<p class=\"has-medium-font-size\" style=\"font-style:normal;font-weight:600\">O Perfume Contratipo Tt 24 \u00e9 nossa inspira\u00e7\u00e3o para o perfume importado feminino J\u00b4adore Dior.<\/p>\n\n\n\n<p><\/p>\n\n\n\n<p style=\"font-size:15px\"><em>O\u00a0<strong><em>Perfume Contratipo Tt 24<\/em><\/strong> da Tattoo Perfumes \u00e9 a express\u00e3o da eleg\u00e2ncia da mulher \u2013 um bouquet que mescla ousadia e e sensualidade em uma combina\u00e7\u00e3o \u00fanica. \u00a0A sedu\u00e7\u00e3o e for\u00e7a da mulher numa combina\u00e7\u00e3o \u00fanica e irresist\u00edvel.<\/em><\/p>\n\n\n\n<p style=\"font-size:15px\">Um perfume absolutamente feminino \u2013 perfeito e cheio de emo\u00e7\u00e3o com seu aroma frutado e floral \u2013 sob medida para mulheres naturalmente elegantes, que exercem sua aud\u00e1cia e glamour de forma absolutamente natural.<\/p>\n\n\n\n<p style=\"font-size:15px\">Uma fragr\u00e2ncia que celebra a eleg\u00e2ncia e a for\u00e7a da mulher \u2013 um perfume poderoso!<\/p>\n\n\n\n<p style=\"font-size:15px\"><em>O&nbsp;<strong><em>Perfume Contratipo Tt 24<\/em><\/strong><\/em> <em>da Tattoo Perfumes<\/em> reflete a mulher que sabe que \u00e9 poderosa e exerce esse poder com total eleg\u00e2ncia e feminilidade.<\/p>\n\n\n\n<p style=\"font-size:15px\"><\/p>\n\n\n\n<p class=\"has-text-color has-link-color has-medium-font-size wp-elements-77bdb7b94a6e8b17dda678c83c1e3ddf\" style=\"color:#9d1313\"><strong><em>Tattoo Perfumes: voc\u00ea mais PERFUMADA e MARCANTE o dia todo, com MUITO MAIS ECONOMIA.<\/em><\/strong><\/p>\n\n\n\n<p><\/p>\n\n\n\n<p class=\"has-palette-color-1-color has-text-color has-link-color has-medium-font-size wp-elements-284c4278c2a5fbad71baa27c61943c72\" style=\"font-style:italic;font-weight:600\"><em>Nosso&nbsp;<\/em><a href=\"https:\/\/tattooperfumes.com\/contratipo\/\">contratipo<\/a><em>&nbsp;tem:<\/em><\/p>\n\n\n\n<ul>\n<li>Fixa\u00e7\u00e3o m\u00ednima de 8 horas na pele<\/li>\n\n\n\n<li>N\u00edvel de Fixa\u00e7\u00e3o e Proje\u00e7\u00e3o Intensos<\/li>\n\n\n\n<li>O melhor custo benef\u00edcio em pre\u00e7o e economia para voc\u00ea<\/li>\n<\/ul>\n\n\n\n<p class=\"has-palette-color-1-color has-text-color has-link-color has-medium-font-size wp-elements-fe054134de3449e9981dc860990257d1\" style=\"font-style:italic;font-weight:600\">Composi\u00e7\u00e3o do Perfume Contratipo Tt 24:<\/p>\n\n\n\n<p class=\"has-palette-color-3-color has-text-color has-link-color has-small-font-size wp-elements-5ef741323009c1213dd3d945789f4fac\" style=\"font-style:normal;font-weight:400\"><strong>Notas de cabe\u00e7a<\/strong>:&nbsp;mesclam de forma delicada o Ylang-Ylang, magn\u00f3lia e comores \u2013 encimados pelo tom frutado do p\u00eassego, mel\u00e3o, peras e tangerinas.<\/p>\n\n\n\n<p><strong>Notas de corpo<\/strong>:&nbsp;tem todo mo bouquet floral das rosas, damascenas, violetas, orqu\u00eddeas e l\u00edrios \u2013 com toque frutados de ameixas.<\/p>\n\n\n\n<p><strong>Notas de fundo<\/strong>:&nbsp;trazem a exuber\u00e2ncia da baunilha, com toques florais do jasmin e fechando com amoras, alm\u00edscar e o cedro.<\/p>\n\n\n\n<p><em><strong>Fam\u00edlia Olfativa<\/strong>:&nbsp;Floral&nbsp;\/ Frutal Amadeirado<\/em><\/p>\n\n\n\n<p><strong>*Notas de&nbsp;cabe\u00e7a:<\/strong>&nbsp;primeira impress\u00e3o de um perfume, dura entre 5 e 15 minutos ap\u00f3s a aplica\u00e7\u00e3o na pele.<\/p>\n\n\n\n<p><strong>*Notas de&nbsp;corpo:<\/strong>&nbsp;come\u00e7am a aparecer \u00e0 medida que as notas de topo desaparecem, durando aproximadamente entre 20 e 60 minutos.<\/p>\n\n\n\n<p><strong>*Notas de&nbsp;fundo<\/strong>&nbsp;o aroma base ao longo do uso do perfume. Permanece mais tempo na pele (at\u00e9 6 horas) ap\u00f3s as outras notas desaparecerem.<\/p>\n\n\n\n<p class=\"has-palette-color-1-color has-text-color has-link-color has-medium-font-size wp-elements-c8a021b782ccb73057097b5ff7fb5e2e\" style=\"font-style:italic;font-weight:600\"><strong><strong>Apresenta\u00e7\u00e3o do Perfume Contratipo Tattoo Perfumes<\/strong><\/strong>:<\/p>\n\n\n\n<ul>\n<li><em>Vidros de 50ml<\/em><\/li>\n\n\n\n<li><em>Embalagem Sustent\u00e1vel Tubular (ecologicamente correta).<\/em><\/li>\n<\/ul>\n\n\n\n<h3 class=\"wp-block-heading has-text-color has-link-color has-medium-font-size wp-elements-737c16d8a08030b918d83bba3d0ba841\" style=\"color:#9d1313;font-style:italic;font-weight:600\"><strong>Fragr\u00e2ncia de Perfumes Importados:<\/strong><\/h3>\n\n\n\n<p><em>N\u00f3s importamos da Europa (principalmente Fran\u00e7a e It\u00e1lia) o melhor das ess\u00eancias e fragr\u00e2ncias dos perfumes importados.<\/em><\/p>\n\n\n\n<p id=\"block-36d30bb0-a3ff-4ed1-b8ed-801896da106d\"><em>Como usamos as melhores ess\u00eancias que na maior parte das vezes, comp\u00f5em os perfumes originais, o resultado \u00e9 que voc\u00ea tem perfumes que s\u00e3o muito mais que r\u00e9plicas de perfumes importados mais famosos, com personalidade e estilo pr\u00f3prios..<\/em><\/p>\n\n\n\n<p id=\"block-a692ee20-31f9-425e-b452-2b583a0ca138\"><em>Tudo para que voc\u00ea esteja marcante e perfumada o dia todo!<\/em><\/p>\n\n\n\n<p id=\"block-57b19560-80d6-4c2a-b0e5-136754d28cb0\">Fixa\u00e7\u00e3o e Tempo de Perman\u00eancia na Pele<\/p>\n\n\n\n<p id=\"block-d88806ac-80a1-47e9-aa42-1e52de3edb3f\">Produzindo perfumes artesanais \u201cqualidade premium\u201d desde 2008, n\u00f3s nos preocupamos com a qualidade dos perfumes personalizados que disponibilizamos aos nossos clientes.<\/p>\n\n\n\n<p id=\"block-9e9d3145-117e-45ab-9273-a05762e4082b\">Com todos esse cuidados, a durabilidade m\u00e9dia&nbsp;de nossos perfumes \u00e9 de 8 a 10 horas \u2013 comprovadas por diversas avalia\u00e7\u00f5es e testes efetuados por blogueiros de sites dedicados \u00e0 est\u00e9tica e perfumaria.<\/p>\n\n\n\n<p id=\"block-bf501207-d4fa-4039-a93d-23ba62407d37\">N\u00f3s temos o objetivo de lhe oferecer sempre a mais alta qualidade em perfumes, com a melhor rela\u00e7\u00e3o custo\/benef\u00edcio.<\/p>\n\n\n\n<p id=\"block-f40a5f21-0a61-4049-abf3-dfdd1b4ee500\">Para isso adotamos um alt\u00edssimo grau de concentra\u00e7\u00e3o de ess\u00eancia e fixador:&nbsp;mais de 25%.<\/p>\n\n\n\n<p id=\"block-5db76464-8c7e-4f62-9be5-bca0f7a98f6a\">O alto grau de de ess\u00eancia \u00e9 somado \u00e0 exig\u00eancia de nossas mat\u00e9rias-primas: utilizamos somente componentes importados da Europa.<\/p>\n\n\n\n<p id=\"block-78269f53-5b81-4cea-91b2-628075e6acc8\">Al\u00e9m disso:<em>&nbsp;n\u00e3o adotamos \u00e1gua em nossos produtos!<\/em><\/p>\n\n\n\n<p id=\"block-07008c5d-afbd-4f42-ab25-4bad7cc94917\">Produzimos perfumes inspirados nas fragr\u00e2ncias mais famosas do mundo, seguindo rigorosamente todos os padr\u00f5es olfativos das melhores&nbsp;marcas de perfumes mundiais, com o melhor custo benef\u00edcio do mercado nacional.<\/p>\n\n\n\n<p><em>Os perfumes contratipo da Tattoo Perfumes s\u00e3o a sua melhor op\u00e7\u00e3o em perfumes inspirados em perfumes importados, pois re\u00fane a qualidade das melhores fragr\u00e2ncias importadas com a mais alta qualidade mat\u00e9rias primas e fabrica\u00e7\u00e3o.<\/em><\/p>\n\n\n\n<p><\/p>\n\n\n\n<p class=\"has-text-color has-link-color wp-elements-73b1f3bc5acc4bea51a5f00febe0a658\" style=\"color:#920c0c;font-style:italic;font-weight:700\"><em>Obs: As imagens e marcas do perfume original s\u00e3o meramente ilustrativas sendo utilizadas unicamente como refer\u00eancias olfativas e visuais, pertencendo \u00e0 seus propriet\u00e1rios \u2013 nossos perfumes s\u00e3o comercializados com denomina\u00e7\u00e3o em letras e n\u00fameros&nbsp;\u2013&nbsp;sendo&nbsp;<\/em><strong><em>Perfumes Inspirados<\/em><\/strong><em>.<\/em><\/p>\n","protected":false},"excerpt":{"rendered":"<p>Marca:\u00a0<strong><a href=\"https:\/\/tattooperfumes.com.br\">Tattoo Perfumes Contratipo<\/a><\/strong><\/p>\n","protected":false},"featured_media":3582,"comment_status":"open","ping_status":"closed","template":"","meta":{"om_disable_all_campaigns":false,"_monsterinsights_skip_tracking":false,"_monsterinsights_sitenote_active":false,"_monsterinsights_sitenote_note":"","_monsterinsights_sitenote_category":0},"product_cat":[23],"product_tag":[],"aioseo_notices":[],"jetpack_sharing_enabled":true,"_links":{"self":[{"href":"https:\/\/tattooperfumes.com.br\/index.php\/wp-json\/wp\/v2\/product\/3279"}],"collection":[{"href":"https:\/\/tattooperfumes.com.br\/index.php\/wp-json\/wp\/v2\/product"}],"about":[{"href":"https:\/\/tattooperfumes.com.br\/index.php\/wp-json\/wp\/v2\/types\/product"}],"replies":[{"embeddable":true,"href":"https:\/\/tattooperfumes.com.br\/index.php\/wp-json\/wp\/v2\/comments?post=3279"}],"wp:featuredmedia":[{"embeddable":true,"href":"https:\/\/tattooperfumes.com.br\/index.php\/wp-json\/wp\/v2\/media\/3582"}],"wp:attachment":[{"href":"https:\/\/tattooperfumes.com.br\/index.php\/wp-json\/wp\/v2\/media?parent=3279"}],"wp:term":[{"taxonomy":"product_cat","embeddable":true,"href":"https:\/\/tattooperfumes.com.br\/index.php\/wp-json\/wp\/v2\/product_cat?post=3279"},{"taxonomy":"product_tag","embeddable":true,"href":"https:\/\/tattooperfumes.com.br\/index.php\/wp-json\/wp\/v2\/product_tag?post=3279"}],"curies":[{"name":"wp","href":"https:\/\/api.w.org\/{rel}","templated":true}]}}