{"id":3282,"date":"2023-12-19T08:51:21","date_gmt":"2023-12-19T11:51:21","guid":{"rendered":"https:\/\/tattooperfumes.com.br\/?post_type=product&#038;p=3282"},"modified":"2025-12-04T13:54:35","modified_gmt":"2025-12-04T16:54:35","slug":"tt-22-inspiracao-marina-de-bourbon-contratipo","status":"publish","type":"product","link":"https:\/\/tattooperfumes.com.br\/index.php\/produto\/tt-22-inspiracao-marina-de-bourbon-contratipo\/","title":{"rendered":"Tt 22 INSPIRA\u00c7\u00c3O GAULTIER DIVINE"},"content":{"rendered":"\n<h2 class=\"wp-block-heading has-text-color has-link-color has-large-font-size wp-elements-6b9e120bed5b199f5f92e1edb336fd23\" style=\"color:#9d1313;font-style:italic;font-weight:600\">Contratipo <strong><em>Tt 22 Inspira\u00e7\u00e3o Gaultier Divine Jean Paul Gaultier<\/em><\/strong><\/h2>\n\n\n\n<p><\/p>\n\n\n\n<p class=\"has-medium-font-size\" style=\"font-style:normal;font-weight:600\"><strong>O Perfume Contratipo Tt 22 \u00e9 nossa inspira\u00e7\u00e3o para o perfume importado feminino\u00a0<em>Gaultier Divine Jean Paul Gaultier<\/em><\/strong><\/p>\n\n\n\n<p>O\u00a0Perfume Contratipo Tt 22 \u00a0da Tattoo Perfumes\u00a0\u00e9 um perfume Oriental Floral Feminino<\/p>\n\n\n\n<p>O\u00a0Perfume Contratipo Tt 22 \u00a0da Tattoo Perfumes Este \u00e9 o\u00a0<a href=\"https:\/\/www.sephora.com.br\/perfumes\/feminino\/\">perfume feminino<\/a>\u00a0que celebra a beleza e o poder natural de ser uma mulher \u00fanica, moderna \u00e9 mais do que um perfume; \u00e9 uma homenagem arrebatadora a todas as mulheres que abra\u00e7am sua pluralidade e singularidade com confian\u00e7a.<\/p>\n\n\n\n<p>Com sua nova fragr\u00e2ncia feminina Tt 22 convida todas as mulheres a celebrarem sua luz interior. \u00c9 um lembrete de que a verdadeira beleza est\u00e1 em abra\u00e7ar quem voc\u00ea \u00e9 com confian\u00e7a e ousadia.<\/p>\n\n\n\n<p>Tt 22 de Tattoo Perfumes, revela uma fragr\u00e2ncia floral gourmand marinho, com personalidade marcante e eleg\u00e2ncia provocadora, ideal para quem deseja deixar uma impress\u00e3o duradoura com autoconfian\u00e7a e autenticidade. A fragr\u00e2ncia abre com uma surpreendente nota salgada nas notas de topo, que desperta os sentidos com um frescor inusitado e sofisticado, enquanto o l\u00edrio no cora\u00e7\u00e3o traz uma aura floral intensa e refinada. No fundo, o merengue e o benjoim formam uma base gourmand opulenta, envolvente e quente.<\/p>\n\n\n\n<p class=\"has-text-color has-link-color has-medium-font-size wp-elements-097095eca029b2bc8a8e8259f21895bd\" style=\"color:#9d1313\"><strong><em>Tattoo Perfumes: voc\u00ea mais PERFUMADA e MARCANTE o dia todo, com MUITO MAIS ECONOMIA.<\/em><\/strong><\/p>\n\n\n\n<p><\/p>\n\n\n\n<p class=\"has-palette-color-1-color has-text-color has-link-color has-medium-font-size wp-elements-b462a03be55ded04543e1fa08c9b147b\" style=\"font-style:italic;font-weight:600\"><strong>Nosso&nbsp;<a href=\"https:\/\/tattooperfumes.com\/contratipo\/\">contratipo<\/a>&nbsp;tem:<\/strong><\/p>\n\n\n\n<ul>\n<li>N\u00edvel de Fixa\u00e7\u00e3o Intenso<\/li>\n\n\n\n<li>O melhor custo benef\u00edcio em pre\u00e7o e economia para voc\u00ea<\/li>\n\n\n\n<li>Fixa\u00e7\u00e3o m\u00ednima de 8 horas<\/li>\n<\/ul>\n\n\n\n<p class=\"has-palette-color-1-color has-text-color has-link-color has-medium-font-size wp-elements-5f975aa370efc75286b1152da4cc75cd\" style=\"font-style:italic;font-weight:600\"><strong>Composi\u00e7\u00e3o do Perfume Contratipo Tt 22<\/strong>:<\/p>\n\n\n\n<p><strong>Notas de cabe\u00e7a<\/strong>:\u00a0Calypsone, Bagas Vermelhas e Bergamota.<\/p>\n\n\n\n<p><strong>Notas de corpo<\/strong>:\u00a0L\u00edrio, Ylang Ylang e Jasmim.<\/p>\n\n\n\n<p><strong>Notas de fundo<\/strong>:Merengue, Alm\u00edscar e Patchouli.<\/p>\n\n\n\n<p><em><strong>Fam\u00edlia Olfativa<\/strong>:<\/em>\u00c2mbar Floral Feminino.<\/p>\n\n\n\n<p><strong>*Notas de&nbsp;cabe\u00e7a:<\/strong>&nbsp;primeira impress\u00e3o de um perfume, dura entre 5 e 15 minutos ap\u00f3s a aplica\u00e7\u00e3o na pele.<\/p>\n\n\n\n<p><strong>*Notas de&nbsp;corpo:<\/strong>&nbsp;come\u00e7am a aparecer \u00e0 medida que as notas de topo desaparecem, durando aproximadamente entre 20 e 60 minutos.<\/p>\n\n\n\n<p><strong>*Notas de&nbsp;fundo<\/strong>&nbsp;o aroma base ao longo do uso do perfume. Permanece mais tempo na pele (at\u00e9 6 horas) ap\u00f3s as outras notas desaparecerem.<\/p>\n\n\n\n<h4 class=\"wp-block-heading has-palette-color-1-color has-text-color has-link-color has-medium-font-size wp-elements-39980212538f4fb4aacf13237a642621\" style=\"font-style:italic;font-weight:600\"><strong><strong>Apresenta\u00e7\u00e3o do Perfume Contratipo Tattoo Perfumes<\/strong><\/strong>:<\/h4>\n\n\n\n<ul>\n<li><em>Vidros de 50 ml<\/em><\/li>\n\n\n\n<li><em>Embalagem Sustent\u00e1vel Tubular (ecologicamente corre<\/em>to<\/li>\n<\/ul>\n\n\n\n<h2 class=\"wp-block-heading has-text-color has-link-color has-medium-font-size wp-elements-1cacccdab499ddf6373940e2c5447046\" style=\"color:#9d1313;font-style:italic;font-weight:600\"><strong>Fragr\u00e2ncia de Perfumes Importados:<\/strong><\/h2>\n\n\n\n<p><em>N\u00f3s importamos da Europa (principalmente Fran\u00e7a e It\u00e1lia) o melhor das ess\u00eancias e fragr\u00e2ncias dos perfumes importados.<\/em><\/p>\n\n\n\n<p id=\"block-36d30bb0-a3ff-4ed1-b8ed-801896da106d\"><em>Como usamos as melhores ess\u00eancias que na maior parte das vezes, comp\u00f5em os perfumes originais, o resultado \u00e9 que voc\u00ea tem perfumes que s\u00e3o muito mais que r\u00e9plicas de perfumes importados mais famosos, com personalidade e estilo pr\u00f3prios..<\/em><\/p>\n\n\n\n<p id=\"block-a692ee20-31f9-425e-b452-2b583a0ca138\"><em>Tudo para que voc\u00ea esteja marcante e perfumada o dia todo!<\/em><\/p>\n\n\n\n<p id=\"block-57b19560-80d6-4c2a-b0e5-136754d28cb0\">Fixa\u00e7\u00e3o e Tempo de Perman\u00eancia na Pele<\/p>\n\n\n\n<p id=\"block-d88806ac-80a1-47e9-aa42-1e52de3edb3f\">Produzindo perfumes artesanais \u201cqualidade premium\u201d desde 2008, n\u00f3s nos preocupamos com a qualidade dos perfumes personalizados que disponibilizamos aos nossos clientes.<\/p>\n\n\n\n<p id=\"block-9e9d3145-117e-45ab-9273-a05762e4082b\">Com todos esse cuidados, a durabilidade m\u00e9dia&nbsp;de nossos perfumes \u00e9 de 8 a 10 horas \u2013 comprovadas por diversas avalia\u00e7\u00f5es e testes efetuados por blogueiros de sites dedicados \u00e0 est\u00e9tica e perfumaria.<\/p>\n\n\n\n<p id=\"block-bf501207-d4fa-4039-a93d-23ba62407d37\">N\u00f3s temos o objetivo de lhe oferecer sempre a mais alta qualidade em perfumes, com a melhor rela\u00e7\u00e3o custo\/benef\u00edcio.<\/p>\n\n\n\n<p id=\"block-f40a5f21-0a61-4049-abf3-dfdd1b4ee500\">Para isso adotamos um alt\u00edssimo grau de concentra\u00e7\u00e3o de ess\u00eancia e fixador:&nbsp;mais de 25%.<\/p>\n\n\n\n<p id=\"block-5db76464-8c7e-4f62-9be5-bca0f7a98f6a\">O alto grau de de ess\u00eancia \u00e9 somado \u00e0 exig\u00eancia de nossas mat\u00e9rias-primas: utilizamos somente componentes importados da Europa.<\/p>\n\n\n\n<p id=\"block-78269f53-5b81-4cea-91b2-628075e6acc8\">Al\u00e9m disso:<em>&nbsp;n\u00e3o adotamos \u00e1gua em nossos produtos!<\/em><\/p>\n\n\n\n<p id=\"block-07008c5d-afbd-4f42-ab25-4bad7cc94917\">Produzimos perfumes inspirados nas fragr\u00e2ncias mais famosas do mundo, seguindo rigorosamente todos os padr\u00f5es olfativos das melhores&nbsp;marcas de perfumes mundiais, com o melhor custo benef\u00edcio do mercado nacional.<\/p>\n\n\n\n<p><em>Os perfumes contratipo da Tattoo Perfumes s\u00e3o a sua melhor op\u00e7\u00e3o em perfumes inspirados em perfumes importados, pois re\u00fane a qualidade das melhores fragr\u00e2ncias importadas com a mais alta qualidade mat\u00e9rias primas e fabrica\u00e7\u00e3o.<\/em><\/p>\n\n\n\n<p><\/p>\n\n\n\n<p class=\"has-text-color has-link-color wp-elements-6079804a65db12fe6f167d63a9f4c579\" style=\"color:#9d1313;font-style:italic;font-weight:700\"><em>Obs: As imagens e marcas do perfume original s\u00e3o meramente ilustrativas sendo utilizadas meramente como refer\u00eancias olfativas e visuais, pertencendo \u00e0 seus propriet\u00e1rios \u2013 nossos produtos s\u00e3o comercializados com denomina\u00e7\u00e3o em letras e n\u00fameros&nbsp;\u2013&nbsp;sendo&nbsp;Perfumes Inspirados.<\/em><\/p>\n","protected":false},"excerpt":{"rendered":"<p>Marca:\u00a0<strong><a href=\"https:\/\/tattooperfumes.com.br\">Tattoo Perfumes Contratipo<\/a><\/strong><\/p>\n","protected":false},"featured_media":3580,"comment_status":"open","ping_status":"closed","template":"","meta":{"om_disable_all_campaigns":false,"_monsterinsights_skip_tracking":false,"_monsterinsights_sitenote_active":false,"_monsterinsights_sitenote_note":"","_monsterinsights_sitenote_category":0},"product_cat":[23],"product_tag":[],"aioseo_notices":[],"jetpack_sharing_enabled":true,"_links":{"self":[{"href":"https:\/\/tattooperfumes.com.br\/index.php\/wp-json\/wp\/v2\/product\/3282"}],"collection":[{"href":"https:\/\/tattooperfumes.com.br\/index.php\/wp-json\/wp\/v2\/product"}],"about":[{"href":"https:\/\/tattooperfumes.com.br\/index.php\/wp-json\/wp\/v2\/types\/product"}],"replies":[{"embeddable":true,"href":"https:\/\/tattooperfumes.com.br\/index.php\/wp-json\/wp\/v2\/comments?post=3282"}],"wp:featuredmedia":[{"embeddable":true,"href":"https:\/\/tattooperfumes.com.br\/index.php\/wp-json\/wp\/v2\/media\/3580"}],"wp:attachment":[{"href":"https:\/\/tattooperfumes.com.br\/index.php\/wp-json\/wp\/v2\/media?parent=3282"}],"wp:term":[{"taxonomy":"product_cat","embeddable":true,"href":"https:\/\/tattooperfumes.com.br\/index.php\/wp-json\/wp\/v2\/product_cat?post=3282"},{"taxonomy":"product_tag","embeddable":true,"href":"https:\/\/tattooperfumes.com.br\/index.php\/wp-json\/wp\/v2\/product_tag?post=3282"}],"curies":[{"name":"wp","href":"https:\/\/api.w.org\/{rel}","templated":true}]}}