{"id":3350,"date":"2023-12-19T16:20:46","date_gmt":"2023-12-19T19:20:46","guid":{"rendered":"https:\/\/tattooperfumes.com.br\/?post_type=product&#038;p=3350"},"modified":"2025-12-09T11:44:03","modified_gmt":"2025-12-09T14:44:03","slug":"tt-54-inspiracao-la-nuit-tresor-contratipo","status":"publish","type":"product","link":"https:\/\/tattooperfumes.com.br\/index.php\/produto\/tt-54-inspiracao-la-nuit-tresor-contratipo\/","title":{"rendered":"Tt 54 INSPIRA\u00c7\u00c3O LA NUIT TRESOR"},"content":{"rendered":"\n<h2 class=\"wp-block-heading has-text-color has-link-color has-large-font-size wp-elements-1b211354a1680ac6d6097e7fb4ea7c27\" style=\"color:#9d1313\"><strong><em>Contratipo Tt 54<\/em><\/strong>&nbsp;<strong><em>Inspira\u00e7\u00e3o La Nuit Tresor  Lanc\u00f4me<\/em><\/strong><\/h2>\n\n\n\n<p><\/p>\n\n\n\n<p class=\"has-medium-font-size\" style=\"font-style:normal;font-weight:700\">O Perfume Contratipo Tt 54&nbsp;\u00e9 nossa inspira\u00e7\u00e3o para o perfume importado feminino La Nuit Tresor.<\/p>\n\n\n\n<p style=\"font-style:normal;font-weight:700\"><\/p>\n\n\n\n<p style=\"font-size:15px\">Uma fragr\u00e2ncia intensa, apaixonante \u2013 para mulheres e momentos de muita sedu\u00e7\u00e3o &nbsp;\u2013 Uma verdadeira po\u00e7\u00e3o do amor que revela uma mulher misteriosa.<\/p>\n\n\n\n<p style=\"font-size:15px\"><em>Perfume Contratipo<\/em> Tt 54 da Tattoo Perfumes &nbsp;\u2013 uma explos\u00e3o de sensualidade, de paix\u00f5es arrebatadoras e desejos irresist\u00edveis em noites intensas de amor.<\/p>\n\n\n\n<p style=\"font-size:15px\">Um perfume muito sensual e intenso, para mulheres misteriosas que desejam seduzir e fazer com que se apaixonem por ela \u2013 ardentes desejos \u00e0 flor da pele. Um perfume feminino que encanta com sua profundidade e magnetismo, Tt 54 revela uma fragr\u00e2ncia oriental com nuances frutais e gourmand, ideal para mulheres que carregam consigo uma aura de mist\u00e9rio e paix\u00e3o intensa.<\/p>\n\n\n\n<p style=\"font-size:15px\">&nbsp;Tt 54 \u2013 um perfume afrodis\u00edaco, intenso e misterioso \u2013 para mulheres apaixonantes.<\/p>\n\n\n\n<p class=\"has-text-color has-link-color has-medium-font-size wp-elements-73288089530e26787a303843fa5e162e\" style=\"color:#9d1313\"><strong><em>Tattoo Perfumes: voc\u00ea mais PERFUMADA e MARCANTE o dia todo, com MUITO MAIS ECONOMIA.<\/em><\/strong><\/p>\n\n\n\n<p><\/p>\n\n\n\n<p class=\"has-palette-color-1-color has-text-color has-link-color has-medium-font-size wp-elements-347ef5442093df5ba7a38127bae9e9bf\" style=\"font-style:italic;font-weight:600\">Nosso&nbsp;<a href=\"https:\/\/tattooperfumes.com\/contratipo\/\">contratipo<\/a>&nbsp;tem:<\/p>\n\n\n\n<ul>\n<li>N\u00edvel de Fixa\u00e7\u00e3o Intenso<\/li>\n\n\n\n<li>O melhor custo benef\u00edcio em pre\u00e7o e economia para voc\u00ea<\/li>\n\n\n\n<li>Fixa\u00e7\u00e3o m\u00ednima de 8 horas<\/li>\n<\/ul>\n\n\n\n<h2 class=\"wp-block-heading has-palette-color-1-color has-text-color has-link-color has-medium-font-size wp-elements-98b65fad3903a6c901a4383666012e41\" style=\"font-style:italic;font-weight:600\">Composi\u00e7\u00e3o do Perfume Contratipo&nbsp;&nbsp;Tt 54:<\/h2>\n\n\n\n<p><strong>Notas de cabe\u00e7a<\/strong>:notas de Pera, Bergamotas e Tangerina<\/p>\n\n\n\n<p><strong>Notas de corpo<\/strong>:&nbsp;tons&nbsp;de Orqu\u00eddeas, Baun\u00edlia, Rosa Negra, Maracuj\u00e1 e Morango<\/p>\n\n\n\n<p><strong>Notas de fundo<\/strong>:&nbsp;notas&nbsp;de&nbsp;Oriza, Papiro, Incenso, Lichia, Pralin\u00ea, Baunilha, Caramelo, Caf\u00e9, Cumarina e Alca\u00e7uz<\/p>\n\n\n\n<p><strong>Fam\u00edlia Olfativa<\/strong>: Frutal\/ oriental<\/p>\n\n\n\n<p><strong>*Notas de&nbsp;cabe\u00e7a:<\/strong>&nbsp;primeira impress\u00e3o de um perfume, dura entre 5 e 15 minutos ap\u00f3s a aplica\u00e7\u00e3o na pele.<\/p>\n\n\n\n<p><strong>*Notas de&nbsp;corpo:<\/strong>&nbsp;come\u00e7am a aparecer \u00e0 medida que as notas de topo desaparecem, durando aproximadamente entre 20 e 60 minutos.<\/p>\n\n\n\n<p><strong>*Notas de&nbsp;fundo<\/strong>&nbsp;o aroma base ao longo do uso do perfume. Permanece mais tempo na pele (at\u00e9 6 horas) ap\u00f3s as outras notas desaparecerem.<\/p>\n\n\n\n<h4 class=\"wp-block-heading has-palette-color-1-color has-text-color has-link-color has-medium-font-size wp-elements-cec77d7a0183351342471ff9814ea8f2\" style=\"font-style:italic;font-weight:600\"><strong>Apresenta\u00e7\u00e3o do Perfume Contratipo Tattoo Perfumes<\/strong>:<\/h4>\n\n\n\n<ul>\n<li><em>Vidros de 50 ml<\/em><\/li>\n\n\n\n<li><em>Embalagem Sustent\u00e1vel Tubular (ecologicamente correta)<\/em><\/li>\n<\/ul>\n\n\n\n<h2 class=\"wp-block-heading has-text-color has-link-color has-medium-font-size wp-elements-ca3a18f245832e8ad46fe6730ffb15eb\" style=\"color:#920c0c;font-style:italic;font-weight:600\">Fragr\u00e2ncia de Perfumes Importados:<\/h2>\n\n\n\n<p><em>N\u00f3s importamos da Europa (principalmente Fran\u00e7a e It\u00e1lia) o melhor das ess\u00eancias e fragr\u00e2ncias dos perfumes importados.<\/em><\/p>\n\n\n\n<p><strong><em>Como usamos as melhores ess\u00eancias que na maior parte das vezes, comp\u00f5em os perfumes originais, o resultado \u00e9 que voc\u00ea tem perfumes que s\u00e3o muito mais que r\u00e9plicas de perfumes importados mais famosos, com personalidade e estilo pr\u00f3prios.<\/em><\/strong><\/p>\n\n\n\n<p class=\"has-palette-color-1-color has-text-color has-link-color wp-elements-6e7af573435a1cf03e13c2932749dc6c\" style=\"font-style:normal;font-weight:600\"><em>Tudo para que voc\u00ea esteja marcante e perfumada o dia todo!<\/em><\/p>\n\n\n\n<p><strong>Fixa\u00e7\u00e3o e Tempo de Perman\u00eancia na Pele<\/strong><\/p>\n\n\n\n<p>Produzindo perfumes artesanais \u201cqualidade premium\u201d desde 2008, n\u00f3s nos preocupamos com a qualidade dos perfumes personalizados que disponibilizamos aos nossos clientes.<\/p>\n\n\n\n<p>Com todos esse cuidados, a durabilidade m\u00e9dia&nbsp;de nossos perfumes \u00e9 de 8 a 10 horas \u2013 comprovadas por diversas avalia\u00e7\u00f5es e testes efetuados por blogueiros de sites dedicados \u00e0 est\u00e9tica e perfumaria.<\/p>\n\n\n\n<p>N\u00f3s temos o objetivo de lhe oferecer sempre a mais alta qualidade em perfumes, com a melhor rela\u00e7\u00e3o custo\/benef\u00edcio.<\/p>\n\n\n\n<p><strong>Para isso adotamos um alt\u00edssimo grau de concentra\u00e7\u00e3o de ess\u00eancia e fixador:&nbsp;mais de 25%.<\/strong><\/p>\n\n\n\n<p>O alto grau de de ess\u00eancia \u00e9 somado \u00e0 exig\u00eancia de nossas mat\u00e9rias-primas: utilizamos somente componentes importados da Europa.<\/p>\n\n\n\n<p>Al\u00e9m disso:<em>&nbsp;n\u00e3o adotamos \u00e1gua em nossos produtos!<\/em><\/p>\n\n\n\n<p><strong>Produzimos perfumes inspirados nas fragr\u00e2ncias mais famosas do mundo, seguindo rigorosamente todos os padr\u00f5es olfativos das melhores&nbsp;marcas de perfumes mundiais, com o melhor custo benef\u00edcio do mercado nacional.<\/strong><\/p>\n\n\n\n<p><em>Os perfumes contratipo da Tattoo Perfumes s\u00e3o a sua melhor op\u00e7\u00e3o em perfumes inspirados em perfumes importados, pois re\u00fane a qualidade das melhores fragr\u00e2ncias importadas com a mais alta qualidade mat\u00e9rias primas e fabrica\u00e7\u00e3o.<\/em><\/p>\n\n\n\n<p class=\"has-text-color has-link-color wp-elements-51c7453aaed1582bd1aeee6398a79d19\" style=\"color:#920c0c\"><strong><em>Obs: As imagens e marcas do perfume original s\u00e3o meramente ilustrativas sendo utilizadas unicamente como refer\u00eancias olfativas e visuais, pertencendo \u00e0 seus propriet\u00e1rios \u2013 nossos perfumes s\u00e3o comercializados com denomina\u00e7\u00e3o em letras e n\u00fameros&nbsp;\u2013&nbsp;sendo&nbsp;Perfumes Inspirados.<\/em><\/strong><\/p>\n","protected":false},"excerpt":{"rendered":"<p><a href=\"\u00a0Tattoo Perfumes Contratipo\">Marca:\u00a0<\/a><strong><a href=\"http:\/\/www.tattooperfumes.com.br\">Tattoo Perfumes Contratipo<\/a><\/strong><\/p>\n","protected":false},"featured_media":3610,"comment_status":"open","ping_status":"closed","template":"","meta":{"om_disable_all_campaigns":false,"_monsterinsights_skip_tracking":false,"_monsterinsights_sitenote_active":false,"_monsterinsights_sitenote_note":"","_monsterinsights_sitenote_category":0},"product_cat":[23],"product_tag":[],"aioseo_notices":[],"jetpack_sharing_enabled":true,"_links":{"self":[{"href":"https:\/\/tattooperfumes.com.br\/index.php\/wp-json\/wp\/v2\/product\/3350"}],"collection":[{"href":"https:\/\/tattooperfumes.com.br\/index.php\/wp-json\/wp\/v2\/product"}],"about":[{"href":"https:\/\/tattooperfumes.com.br\/index.php\/wp-json\/wp\/v2\/types\/product"}],"replies":[{"embeddable":true,"href":"https:\/\/tattooperfumes.com.br\/index.php\/wp-json\/wp\/v2\/comments?post=3350"}],"wp:featuredmedia":[{"embeddable":true,"href":"https:\/\/tattooperfumes.com.br\/index.php\/wp-json\/wp\/v2\/media\/3610"}],"wp:attachment":[{"href":"https:\/\/tattooperfumes.com.br\/index.php\/wp-json\/wp\/v2\/media?parent=3350"}],"wp:term":[{"taxonomy":"product_cat","embeddable":true,"href":"https:\/\/tattooperfumes.com.br\/index.php\/wp-json\/wp\/v2\/product_cat?post=3350"},{"taxonomy":"product_tag","embeddable":true,"href":"https:\/\/tattooperfumes.com.br\/index.php\/wp-json\/wp\/v2\/product_tag?post=3350"}],"curies":[{"name":"wp","href":"https:\/\/api.w.org\/{rel}","templated":true}]}}