{"id":3374,"date":"2023-12-21T11:28:26","date_gmt":"2023-12-21T14:28:26","guid":{"rendered":"https:\/\/tattooperfumes.com.br\/?post_type=product&#038;p=3374"},"modified":"2025-12-04T16:41:22","modified_gmt":"2025-12-04T19:41:22","slug":"tt-29-inspiracao-prada-contratipo","status":"publish","type":"product","link":"https:\/\/tattooperfumes.com.br\/index.php\/produto\/tt-29-inspiracao-prada-contratipo\/","title":{"rendered":"Tt 29 INSPIRA\u00c7\u00c3O PRADA"},"content":{"rendered":"\n<h2 class=\"wp-block-heading has-text-color has-link-color has-large-font-size wp-elements-100e5acde8883d5b97db91b54e5d2c08\" style=\"color:#9d1313;font-style:italic;font-weight:600\">Contratipo Tt 29 Inspira\u00e7\u00e3o Prada Masculino <\/h2>\n\n\n\n<p><\/p>\n\n\n\n<p class=\"has-medium-font-size\" style=\"font-style:normal;font-weight:700\">O Perfume Contratipo Tt 29&nbsp;\u00e9 nossa inspira\u00e7\u00e3o para o perfume Prada Pour Homme.<\/p>\n\n\n\n<p><\/p>\n\n\n\n<p style=\"font-size:15px\">Perfume elaborado para o homem elegante, sofisticado \u2013 que est\u00e1 sempre buscando o melhor, o especial, o diferente de forma marcante e discreta.<\/p>\n\n\n\n<p style=\"font-size:15px\">Requinte \u00e9 o que define esse perfume \u2013 criado especialmente para homens que fazem da eleg\u00e2ncia seu aspecto mais marcante.<\/p>\n\n\n\n<p style=\"font-size:15px\">Com tons amadeirado que naturalmente exercem um grande fasc\u00ednio, \u00e9 uma fragr\u00e2ncia perfeita para homens cheios de confian\u00e7a e de realiza\u00e7\u00f5es.<em>&nbsp;<\/em><\/p>\n\n\n\n<p style=\"font-size:15px\">Nossa inspira\u00e7\u00e3o Tt 29 \u2013 foi desenvolvido especialmente para homens que sabem vislumbrar e conquistar o futuro \u2013 com presen\u00e7a forte e de extrema eleg\u00e2ncia. Um perfume \u00fanico, criado para homens elegantes e refinados \u2013 que n\u00e3o aceitam o convencional \u2013 sempre buscando o amanh\u00e3 com vis\u00e3o, energia e sofistica\u00e7\u00e3o.<\/p>\n\n\n\n<p><\/p>\n\n\n\n<p class=\"has-text-color has-link-color has-medium-font-size wp-elements-d9f97e99a36a704b548aaaeb5e87f1d4\" style=\"color:#9c1313\"><strong><em>Tattoo Perfumes: voc\u00ea mais PERFUMADO e MARCANTE o dia todo, com MUITO MAIS ECONOMIA.<\/em><\/strong><\/p>\n\n\n\n<p><\/p>\n\n\n\n<p class=\"has-palette-color-1-color has-text-color has-link-color has-medium-font-size wp-elements-422eed2adfbf90deffb3c33e2675e0ed\" style=\"font-style:italic;font-weight:600\">Nosso&nbsp;<a href=\"https:\/\/tattooperfumes.com\/contratipo\/\">contratipo<\/a>&nbsp;tem:<\/p>\n\n\n\n<ul>\n<li>N\u00edvel de Fixa\u00e7\u00e3o Intenso<\/li>\n\n\n\n<li>O melhor custo benef\u00edcio em pre\u00e7o e economia para voc\u00ea<\/li>\n\n\n\n<li>Fixa\u00e7\u00e3o m\u00ednima de 8 horas<\/li>\n<\/ul>\n\n\n\n<p class=\"has-palette-color-1-color has-text-color has-link-color has-medium-font-size wp-elements-a135cf4be36c4195a669b23e7e5d392b\" style=\"font-style:italic;font-weight:600\"><strong>Composi\u00e7\u00e3o do Perfume Contratipo Tt <\/strong>29:<\/p>\n\n\n\n<ul>\n<li>Notas de Cabe\u00e7a: re\u00fanem o charme italiano com bergamota e \u00f3leo de mandarina da It\u00e1lia, acompanhados cardamo, l\u00e1dano, patchouli e fava tonka.<\/li>\n\n\n\n<li>Notas de Corpo: d\u00e3o intensidade toda especial ao perfume com ger\u00e2nio africano, neroli e vetiver.<\/li>\n\n\n\n<li>Notas de Fundo: alternam tons amadeirados e especiarias com&nbsp;s\u00e2ndalo, couro e tamb\u00e9m camur\u00e7a, e a\u00e7afr\u00e3o.<\/li>\n\n\n\n<li><em><strong>Fam\u00edlia Olfativa<\/strong>:&nbsp;Oriental Especiarias&nbsp;\/&nbsp;Oriental<\/em><\/li>\n\n\n\n<li><strong>*Notas de&nbsp;cabe\u00e7a:<\/strong>&nbsp;primeira impress\u00e3o de um perfume, dura entre 5 e 15 minutos ap\u00f3s a aplica\u00e7\u00e3o na pele.<\/li>\n\n\n\n<li><strong>*Notas de&nbsp;corpo:<\/strong>&nbsp;come\u00e7am a aparecer \u00e0 medida que as notas de topo desaparecem, durando aproximadamente entre 20 e 60 minutos.<\/li>\n\n\n\n<li><strong>*Notas de&nbsp;fundo<\/strong>&nbsp;o aroma base ao longo do uso do perfume. Permanece mais tempo na pele (at\u00e9 6 horas) ap\u00f3s as outras notas desaparecerem.<\/li>\n<\/ul>\n\n\n\n<h4 class=\"wp-block-heading has-palette-color-1-color has-text-color has-link-color has-medium-font-size wp-elements-1f1ff25fbac6b0adb87b34acd22d49ea\" style=\"font-style:italic;font-weight:600\"><strong>Apresenta\u00e7\u00e3o do Perfume Contratipo Tattoo Perfumes<\/strong>:<\/h4>\n\n\n\n<ul>\n<li><em>Vidros de 50ml<\/em><\/li>\n\n\n\n<li><em>Embalagens Sustent\u00e1vel Tubular (ecologicamente correta)<\/em><\/li>\n<\/ul>\n\n\n\n<h4 class=\"wp-block-heading has-text-color has-link-color has-medium-font-size wp-elements-db5c238356c849c7da5e18c97f1c25e5\" style=\"color:#9c1313;font-style:italic;font-weight:600\"><strong>Fragr\u00e2ncia de Perfumes Importados:<\/strong><\/h4>\n\n\n\n<p><em>N\u00f3s importamos da Europa (principalmente Fran\u00e7a e It\u00e1lia) o melhor das ess\u00eancias e fragr\u00e2ncias dos perfumes importados.<\/em><\/p>\n\n\n\n<p id=\"block-36d30bb0-a3ff-4ed1-b8ed-801896da106d\"><em>Como usamos as melhores ess\u00eancias que na maior parte das vezes, comp\u00f5em os perfumes originais, o resultado \u00e9 que voc\u00ea tem perfumes que s\u00e3o muito mais que r\u00e9plicas de perfumes importados mais famosos, com personalidade e estilo pr\u00f3prios..<\/em><\/p>\n\n\n\n<p id=\"block-a692ee20-31f9-425e-b452-2b583a0ca138\"><em>Tudo para que voc\u00ea esteja marcante e perfumada o dia todo!<\/em><\/p>\n\n\n\n<p id=\"block-57b19560-80d6-4c2a-b0e5-136754d28cb0\">Fixa\u00e7\u00e3o e Tempo de Perman\u00eancia na Pele<\/p>\n\n\n\n<p id=\"block-d88806ac-80a1-47e9-aa42-1e52de3edb3f\">Produzindo perfumes artesanais \u201cqualidade premium\u201d desde 2008, n\u00f3s nos preocupamos com a qualidade dos perfumes personalizados que disponibilizamos aos nossos clientes.<\/p>\n\n\n\n<p id=\"block-9e9d3145-117e-45ab-9273-a05762e4082b\">Com todos esse cuidados, a durabilidade m\u00e9dia&nbsp;de nossos perfumes \u00e9 de 8 a 10 horas \u2013 comprovadas por diversas avalia\u00e7\u00f5es e testes efetuados por blogueiros de sites dedicados \u00e0 est\u00e9tica e perfumaria.<\/p>\n\n\n\n<p id=\"block-bf501207-d4fa-4039-a93d-23ba62407d37\">N\u00f3s temos o objetivo de lhe oferecer sempre a mais alta qualidade em perfumes, com a melhor rela\u00e7\u00e3o custo\/benef\u00edcio.<\/p>\n\n\n\n<p id=\"block-f40a5f21-0a61-4049-abf3-dfdd1b4ee500\">Para isso adotamos um alt\u00edssimo grau de concentra\u00e7\u00e3o de ess\u00eancia e fixador:&nbsp;mais de 25%.<\/p>\n\n\n\n<p id=\"block-5db76464-8c7e-4f62-9be5-bca0f7a98f6a\">O alto grau de de ess\u00eancia \u00e9 somado \u00e0 exig\u00eancia de nossas mat\u00e9rias-primas: utilizamos somente componentes importados da Europa.<\/p>\n\n\n\n<p id=\"block-78269f53-5b81-4cea-91b2-628075e6acc8\">Al\u00e9m disso:<em>&nbsp;n\u00e3o adotamos \u00e1gua em nossos produtos!<\/em><\/p>\n\n\n\n<p id=\"block-07008c5d-afbd-4f42-ab25-4bad7cc94917\">Produzimos perfumes inspirados nas fragr\u00e2ncias mais famosas do mundo, seguindo rigorosamente todos os padr\u00f5es olfativos das melhores&nbsp;marcas de perfumes mundiais, com o melhor custo benef\u00edcio do mercado nacional.<\/p>\n\n\n\n<p><em>Os perfumes contratipo da Tattoo Perfumes s\u00e3o a sua melhor op\u00e7\u00e3o em perfumes inspirados em perfumes importados, pois re\u00fane a qualidade das melhores fragr\u00e2ncias importadas com a mais alta qualidade mat\u00e9rias primas e fabrica\u00e7\u00e3o.<\/em><\/p>\n\n\n\n<p class=\"has-text-color has-link-color wp-elements-e20fe1612e10432376181bf5780091ff\" style=\"color:#9d1313;font-style:italic;font-weight:700\"><em>Obs: As imagens e marcas do perfume original s\u00e3o meramente ilustrativas sendo utilizadas unicamente como refer\u00eancias olfativas e visuais, pertencendo \u00e0 seus propriet\u00e1rios \u2013 nossos perfumes s\u00e3o comercializados com denomina\u00e7\u00e3o em letras e n\u00fameros&nbsp;\u2013&nbsp;sendo&nbsp;Perfumes Inspirados.<\/em><\/p>\n","protected":false},"excerpt":{"rendered":"<p>Marca:\u00a0<strong><a href=\"https:\/\/tattooperfumes.com.br\">Tattoo Perfumes Contratipo<\/a><\/strong><\/p>\n","protected":false},"featured_media":3588,"comment_status":"open","ping_status":"closed","template":"","meta":{"om_disable_all_campaigns":false,"_monsterinsights_skip_tracking":false,"_monsterinsights_sitenote_active":false,"_monsterinsights_sitenote_note":"","_monsterinsights_sitenote_category":0},"product_cat":[22],"product_tag":[],"aioseo_notices":[],"jetpack_sharing_enabled":true,"_links":{"self":[{"href":"https:\/\/tattooperfumes.com.br\/index.php\/wp-json\/wp\/v2\/product\/3374"}],"collection":[{"href":"https:\/\/tattooperfumes.com.br\/index.php\/wp-json\/wp\/v2\/product"}],"about":[{"href":"https:\/\/tattooperfumes.com.br\/index.php\/wp-json\/wp\/v2\/types\/product"}],"replies":[{"embeddable":true,"href":"https:\/\/tattooperfumes.com.br\/index.php\/wp-json\/wp\/v2\/comments?post=3374"}],"wp:featuredmedia":[{"embeddable":true,"href":"https:\/\/tattooperfumes.com.br\/index.php\/wp-json\/wp\/v2\/media\/3588"}],"wp:attachment":[{"href":"https:\/\/tattooperfumes.com.br\/index.php\/wp-json\/wp\/v2\/media?parent=3374"}],"wp:term":[{"taxonomy":"product_cat","embeddable":true,"href":"https:\/\/tattooperfumes.com.br\/index.php\/wp-json\/wp\/v2\/product_cat?post=3374"},{"taxonomy":"product_tag","embeddable":true,"href":"https:\/\/tattooperfumes.com.br\/index.php\/wp-json\/wp\/v2\/product_tag?post=3374"}],"curies":[{"name":"wp","href":"https:\/\/api.w.org\/{rel}","templated":true}]}}