{"id":3377,"date":"2023-12-21T11:31:09","date_gmt":"2023-12-21T14:31:09","guid":{"rendered":"https:\/\/tattooperfumes.com.br\/?post_type=product&#038;p=3377"},"modified":"2025-12-04T16:29:59","modified_gmt":"2025-12-04T19:29:59","slug":"tt-27-inspiracao-ferrary-red-contratipo","status":"publish","type":"product","link":"https:\/\/tattooperfumes.com.br\/index.php\/produto\/tt-27-inspiracao-ferrary-red-contratipo\/","title":{"rendered":"Tt 27 INSPIRA\u00c7\u00c3O BLEU DE CHANEL"},"content":{"rendered":"\n<p class=\"has-text-color has-link-color has-large-font-size wp-elements-8b764b46f25f5a78ffcf56f22e30d311\" style=\"color:#920c0c;font-style:italic;font-weight:600\">Contratipo <strong><em>Tt 27\u00a0inspira\u00e7\u00e3o Bleu de <\/em><\/strong>Chanel<\/p>\n\n\n\n<p><\/p>\n\n\n\n<p class=\"has-medium-font-size\" style=\"font-style:normal;font-weight:700\"><em><a href=\"https:\/\/tattooperfumes.com\/\">Perfumes Contratipos:<\/a>\u00a0<\/em>o Tt 27 \u00e9 nossa\u00a0inspira\u00e7\u00e3o para o perfume Bleu de Chanel.<\/p>\n\n\n\n<p><\/p>\n\n\n\n<p style=\"font-size:15px\">O Perfume Contratipo Tt 27 \u00e9 um perfume masculino que afirma um car\u00e1ter realizado num perfume atemporal e inesperado. O arom\u00e1tico amadeirado, de rasto fascinante, representa com for\u00e7a e eleg\u00e2ncia, a liberdade, tal como o homem que o usa.<\/p>\n\n\n\n<p style=\"font-size:15px\">O perfume de um homem \u00e0 procura do absoluto, com esp\u00edrito profundamente livre, para quem todo o limite se torna um convite a ultrapass\u00e1-lo.<\/p>\n\n\n\n<p style=\"font-size:15px\">Um tributo \u00e0 liberdade masculina em uma fragr\u00e2ncia amadeirada arom\u00e1tica com rastro cativante, que combina a nobreza do s\u00e2ndalo da Nova Caled\u00f4nia com as notas do cedro ambarado e da fava tonka. Seu rastro \u00e9 quente e sensual. uma fragr\u00e2ncia requintadamente acentuada que revela um esp\u00edrito determinado. Tt 27 \u00e9 o perfume de um homem que recusa ser preso pelas regras. Ele revela um esp\u00edrito que se imp\u00f5e com independ\u00eancia e determina\u00e7\u00e3o. O esp\u00edrito do homem que escolhe o seu destino.<\/p>\n\n\n\n<p class=\"has-text-color has-link-color has-medium-font-size wp-elements-f7e6ff95c4968c7bb85a575fd69e5b52\" style=\"color:#920c0c\"><strong><em>Tattoo Perfumes: voc\u00ea mais PERFUMADO e MARCANTE o dia todo, com MUITO MAIS ECONOMIA.<\/em><\/strong><\/p>\n\n\n\n<p><\/p>\n\n\n\n<p class=\"has-palette-color-1-color has-text-color has-link-color has-medium-font-size wp-elements-b462a03be55ded04543e1fa08c9b147b\" style=\"font-style:italic;font-weight:600\"><strong>Nosso&nbsp;<a href=\"https:\/\/tattooperfumes.com\/contratipo\/\">contratipo<\/a>&nbsp;tem:<\/strong><\/p>\n\n\n\n<ul>\n<li>N\u00edvel de Fixa\u00e7\u00e3o Intenso<\/li>\n\n\n\n<li>O melhor custo benef\u00edcio em pre\u00e7o e economia para voc\u00ea<\/li>\n\n\n\n<li>Fixa\u00e7\u00e3o m\u00ednima de 8 horas<\/li>\n<\/ul>\n\n\n\n<h2 class=\"wp-block-heading has-palette-color-1-color has-text-color has-link-color has-medium-font-size wp-elements-0317cdd8a1451fac9e1d058e612a67af\" style=\"font-style:italic;font-weight:600\">Composi\u00e7\u00e3o do Perfume Contratipo TT 27:<\/h2>\n\n\n\n<p><strong>Notas de cabe\u00e7a<\/strong>:\u00a0Raspas de Lim\u00e3o, Bergamota, Hortel\u00e3 e Artem\u00edsia<\/p>\n\n\n\n<p><strong>Notas de corpo<\/strong>:\u00a0\u00a0Lavanda, Abacaxi, Ger\u00e2nio e Notas Verdes.<\/p>\n\n\n\n<p><strong>Notas de fundo<\/strong>:\u00a0S\u00e2ndalo, Cedro, Madeira de \u00c2mbar, Iso E Super e Fava Tonka.<\/p>\n\n\n\n<p><strong>Fam\u00edlia Olfativa<\/strong>:\u00a0Amadeirado Arom\u00e1tico<\/p>\n\n\n\n<p><strong>*Notas de&nbsp;cabe\u00e7a:<\/strong>&nbsp;primeira impress\u00e3o de um perfume, dura entre 5 e 15 minutos ap\u00f3s a aplica\u00e7\u00e3o na pele.<\/p>\n\n\n\n<p><strong>*Notas de&nbsp;corpo:<\/strong>&nbsp;come\u00e7am a aparecer \u00e0 medida que as notas de topo desaparecem, durando aproximadamente entre 20 e 60 minutos.<\/p>\n\n\n\n<p><strong>*Notas de&nbsp;fundo<\/strong>&nbsp;o aroma base ao longo do uso do perfume. Permanece mais tempo na pele (at\u00e9 6 horas) ap\u00f3s as outras notas desaparecerem.<\/p>\n\n\n\n<h4 class=\"wp-block-heading has-palette-color-1-color has-text-color has-link-color has-medium-font-size wp-elements-c1e6053ffb640ec8604d6ad9ad7a1539\" style=\"font-style:italic;font-weight:600\"><strong>Apresenta\u00e7\u00e3o do Perfume Contratipo Tattoo Perfumes<\/strong>:<\/h4>\n\n\n\n<ul>\n<li><em>Vidros de 50 ml<\/em><\/li>\n\n\n\n<li><em>Embalagem Sustent\u00e1vel Tubular (ecologicamente correta)<\/em><\/li>\n<\/ul>\n\n\n\n<h4 class=\"wp-block-heading has-text-color has-link-color has-medium-font-size wp-elements-41e50041efdda6f54b1faf32f70ef832\" style=\"color:#920c0c;font-style:italic;font-weight:600\"><strong>Fragr\u00e2ncia de Perfumes Importados:<\/strong><\/h4>\n\n\n\n<p><em>N\u00f3s importamos da Europa (principalmente Fran\u00e7a e It\u00e1lia) o melhor das ess\u00eancias e fragr\u00e2ncias dos perfumes importados.<\/em><\/p>\n\n\n\n<p id=\"block-36d30bb0-a3ff-4ed1-b8ed-801896da106d\"><em>Como usamos as melhores ess\u00eancias que na maior parte das vezes, comp\u00f5em os perfumes originais, o resultado \u00e9 que voc\u00ea tem perfumes que s\u00e3o muito mais que r\u00e9plicas de perfumes importados mais famosos, com personalidade e estilo pr\u00f3prios..<\/em><\/p>\n\n\n\n<p id=\"block-a692ee20-31f9-425e-b452-2b583a0ca138\"><em>Tudo para que voc\u00ea esteja marcante e perfumada o dia todo!<\/em><\/p>\n\n\n\n<p id=\"block-57b19560-80d6-4c2a-b0e5-136754d28cb0\">Fixa\u00e7\u00e3o e Tempo de Perman\u00eancia na Pele<\/p>\n\n\n\n<p id=\"block-d88806ac-80a1-47e9-aa42-1e52de3edb3f\">Produzindo perfumes artesanais \u201cqualidade premium\u201d desde 2008, n\u00f3s nos preocupamos com a qualidade dos perfumes personalizados que disponibilizamos aos nossos clientes.<\/p>\n\n\n\n<p id=\"block-9e9d3145-117e-45ab-9273-a05762e4082b\">Com todos esse cuidados, a durabilidade m\u00e9dia&nbsp;de nossos perfumes \u00e9 de 8 a 10 horas \u2013 comprovadas por diversas avalia\u00e7\u00f5es e testes efetuados por blogueiros de sites dedicados \u00e0 est\u00e9tica e perfumaria.<\/p>\n\n\n\n<p id=\"block-bf501207-d4fa-4039-a93d-23ba62407d37\">N\u00f3s temos o objetivo de lhe oferecer sempre a mais alta qualidade em perfumes, com a melhor rela\u00e7\u00e3o custo\/benef\u00edcio.<\/p>\n\n\n\n<p id=\"block-f40a5f21-0a61-4049-abf3-dfdd1b4ee500\">Para isso adotamos um alt\u00edssimo grau de concentra\u00e7\u00e3o de ess\u00eancia e fixador:&nbsp;mais de 25%.<\/p>\n\n\n\n<p id=\"block-5db76464-8c7e-4f62-9be5-bca0f7a98f6a\">O alto grau de de ess\u00eancia \u00e9 somado \u00e0 exig\u00eancia de nossas mat\u00e9rias-primas: utilizamos somente componentes importados da Europa.<\/p>\n\n\n\n<p id=\"block-78269f53-5b81-4cea-91b2-628075e6acc8\">Al\u00e9m disso:<em>&nbsp;n\u00e3o adotamos \u00e1gua em nossos produtos!<\/em><\/p>\n\n\n\n<p id=\"block-07008c5d-afbd-4f42-ab25-4bad7cc94917\">Produzimos perfumes inspirados nas fragr\u00e2ncias mais famosas do mundo, seguindo rigorosamente todos os padr\u00f5es olfativos das melhores&nbsp;marcas de perfumes mundiais, com o melhor custo benef\u00edcio do mercado nacional.<\/p>\n\n\n\n<p><em>Os perfumes contratipo da Tattoo Perfumes s\u00e3o a sua melhor op\u00e7\u00e3o em perfumes inspirados em perfumes importados, pois re\u00fane a qualidade das melhores fragr\u00e2ncias importadas com a mais alta qualidade mat\u00e9rias primas e fabrica\u00e7\u00e3o.<\/em><\/p>\n\n\n\n<p class=\"has-text-color has-link-color wp-elements-55f0eb5506411d7448ebb5dbf76a1eb4\" style=\"color:#930c0c;font-style:italic;font-weight:700\"><em>Obs: As imagens e marcas do perfume original s\u00e3o meramente ilustrativas sendo utilizadas meramente como refer\u00eancias olfativas e visuais, pertencendo \u00e0 seus propriet\u00e1rios \u2013 nossos produtos s\u00e3o comercializados com denomina\u00e7\u00e3o em letras e n\u00fameros&nbsp;\u2013&nbsp;sendo&nbsp;Perfumes Inspirados.<\/em><\/p>\n","protected":false},"excerpt":{"rendered":"<p>Marca:\u00a0<strong><a href=\"https:\/\/tattooperfumes.com.br\">Tattoo Perfumes Contratipo<\/a><\/strong><\/p>\n","protected":false},"featured_media":3585,"comment_status":"open","ping_status":"closed","template":"","meta":{"om_disable_all_campaigns":false,"_monsterinsights_skip_tracking":false,"_monsterinsights_sitenote_active":false,"_monsterinsights_sitenote_note":"","_monsterinsights_sitenote_category":0},"product_cat":[22],"product_tag":[],"aioseo_notices":[],"jetpack_sharing_enabled":true,"_links":{"self":[{"href":"https:\/\/tattooperfumes.com.br\/index.php\/wp-json\/wp\/v2\/product\/3377"}],"collection":[{"href":"https:\/\/tattooperfumes.com.br\/index.php\/wp-json\/wp\/v2\/product"}],"about":[{"href":"https:\/\/tattooperfumes.com.br\/index.php\/wp-json\/wp\/v2\/types\/product"}],"replies":[{"embeddable":true,"href":"https:\/\/tattooperfumes.com.br\/index.php\/wp-json\/wp\/v2\/comments?post=3377"}],"wp:featuredmedia":[{"embeddable":true,"href":"https:\/\/tattooperfumes.com.br\/index.php\/wp-json\/wp\/v2\/media\/3585"}],"wp:attachment":[{"href":"https:\/\/tattooperfumes.com.br\/index.php\/wp-json\/wp\/v2\/media?parent=3377"}],"wp:term":[{"taxonomy":"product_cat","embeddable":true,"href":"https:\/\/tattooperfumes.com.br\/index.php\/wp-json\/wp\/v2\/product_cat?post=3377"},{"taxonomy":"product_tag","embeddable":true,"href":"https:\/\/tattooperfumes.com.br\/index.php\/wp-json\/wp\/v2\/product_tag?post=3377"}],"curies":[{"name":"wp","href":"https:\/\/api.w.org\/{rel}","templated":true}]}}