{"id":3404,"date":"2023-12-21T11:59:01","date_gmt":"2023-12-21T14:59:01","guid":{"rendered":"https:\/\/tattooperfumes.com.br\/?post_type=product&#038;p=3404"},"modified":"2025-12-05T22:36:53","modified_gmt":"2025-12-06T01:36:53","slug":"tt-41-inspiracao-de-animale-contratipo","status":"publish","type":"product","link":"https:\/\/tattooperfumes.com.br\/index.php\/produto\/tt-41-inspiracao-de-animale-contratipo\/","title":{"rendered":"Tt 41 INSPIRA\u00c7\u00c3O ANIMALE"},"content":{"rendered":"\n<p class=\"has-text-color has-link-color has-large-font-size wp-elements-d516a793f954c3f49e26d423922471de\" style=\"color:#9d1313;font-style:italic;font-weight:600\"><strong><strong><em>Contratipo&nbsp;Tt 41 *Inspira\u00e7\u00e3o*  <\/em><\/strong><\/strong>Animale<\/p>\n\n\n\n<p><\/p>\n\n\n\n<p class=\"has-medium-font-size\" style=\"font-style:italic;font-weight:600\">O&nbsp;<strong><em>Perfume Contratipo Tt- 41&nbsp;<\/em><\/strong>\u00e9 nossa inspira\u00e7\u00e3o para o perfume importado Animale.<\/p>\n\n\n\n<p><\/p>\n\n\n\n<p style=\"font-size:15px\"><em>Tt 41&nbsp;reflete luxo e eleg\u00e2ncia, com fragr\u00e2ncias que v\u00e3o intensificar seu instinto felino.<\/em> Um aroma magn\u00e9tico, sensual e super viril. Uma fragr\u00e2ncia bastante masculina e sensual.<\/p>\n\n\n\n<p style=\"font-size:15px\">A fragr\u00e2ncia de Tt41  convida o homem desafiador a conhecer sua pr\u00f3pria natureza, tem as seguintes notas em sua composi\u00e7\u00e3o:  Notas frescas e tropicais que mesclam os acordes de especiarias e assim deixa o perfume sensual. Ainda s\u00e3o combinadas as notas: menta, citrino, bergamota, lavanda, melancia, musguento e noz moscada; rosa fresca, ger\u00e2nio e flor de laranjeira; alm\u00edscar, \u00e2mbar, madeira de s\u00e2ndalo e madeiras ex\u00f3ticas.<\/p>\n\n\n\n<p style=\"font-size:15px\">O perfume Tt 41  foi desenvolvido pensando em homens atrevidos, insolentes, que s\u00e3o questionadores, que se auto-desafiam mas que ao mesmo tempo conseguem ser sutis e sofisticados, da sua maneira \u00fanica.<\/p>\n\n\n\n<p><\/p>\n\n\n\n<p class=\"has-text-color has-link-color has-medium-font-size wp-elements-660c6a412e17ec4ec0b06ebb918c431e\" style=\"color:#9d1313\"><strong><em>Tattoo Perfumes: voc\u00ea mais PERFUMADO e MARCANTE o dia todo, com MUITO MAIS ECONOMIA.<\/em><\/strong><\/p>\n\n\n\n<p><\/p>\n\n\n\n<p class=\"has-palette-color-1-color has-text-color has-link-color has-medium-font-size wp-elements-2dc5c1f49577b5ec01bf7af6234bd970\" style=\"font-style:italic;font-weight:600\"><strong>Nosso&nbsp;<a href=\"https:\/\/tattooperfumes.com\/contratipo\/\">contratipo<\/a>&nbsp;tem:<\/strong><\/p>\n\n\n\n<ul>\n<li>N\u00edvel de Fixa\u00e7\u00e3o Intenso<\/li>\n\n\n\n<li>O melhor custo benef\u00edcio em pre\u00e7o e economia para voc\u00ea<\/li>\n\n\n\n<li>Fixa\u00e7\u00e3o m\u00ednima de 8 horas<\/li>\n<\/ul>\n\n\n\n<p class=\"has-palette-color-1-color has-text-color has-link-color has-medium-font-size wp-elements-dc98448a1937f0e7c5c1f0c1445d880e\" style=\"font-style:italic;font-weight:600\"><strong>Composi\u00e7\u00e3o do perfume contratipos Tt 41<\/strong>:<\/p>\n\n\n\n<p><strong>Notas de cabe\u00e7a:<\/strong>&nbsp;Lima, Lim\u00e3o, Abacaxi, G\u00e1lbano e Lavanda<\/p>\n\n\n\n<p><strong>Notas de corpo<\/strong>:&nbsp;Muguet, Cacau, Noz-Moscada, Gourmet.<\/p>\n\n\n\n<p><strong>Notas de fundo:<\/strong>&nbsp;S\u00e2ndalo, Cedro e Patchouli.<\/p>\n\n\n\n<p><strong>Fam\u00edlia Olfativa:&nbsp;<\/strong>&nbsp;Frutal<\/p>\n\n\n\n<p style=\"font-style:normal;font-weight:600\"><strong>*Notas de&nbsp;cabe\u00e7a:<\/strong>&nbsp;primeira impress\u00e3o de um perfume, dura entre 5 e 15 minutos ap\u00f3s a aplica\u00e7\u00e3o na pele.<\/p>\n\n\n\n<p><strong>*Notas de&nbsp;corpo:<\/strong>&nbsp;come\u00e7am a aparecer \u00e0 medida que as notas de topo desaparecem, durando aproximadamente entre 20 e 60 minutos.<\/p>\n\n\n\n<p><strong>*Notas de&nbsp;fundo<\/strong>&nbsp;o aroma base ao longo do uso do perfume. Permanece mais tempo na pele (at\u00e9 6 horas) ap\u00f3s as outras notas desaparecerem.<\/p>\n\n\n\n<h4 class=\"wp-block-heading has-palette-color-1-color has-text-color has-link-color has-medium-font-size wp-elements-d8ef92e2d45765ea9491824dc84d9f38\" style=\"font-style:italic;font-weight:600\">Apresenta\u00e7\u00e3o dos Perfumes Tattoo Perfumes:<\/h4>\n\n\n\n<ul>\n<li><em>Vidros de 50 ml<\/em><\/li>\n\n\n\n<li><em>Embalagem Sustent\u00e1vel Tubular (ecologicamente correta)<\/em><\/li>\n<\/ul>\n\n\n\n<p class=\"has-text-color has-link-color has-medium-font-size wp-elements-96be6631156d88c6239253f96fce801c\" style=\"color:#920c0c;font-style:italic;font-weight:600\"><strong><em>Fragr\u00e2ncia de Perfumes Importados:<\/em><\/strong><\/p>\n\n\n\n<p><em>N\u00f3s importamos da Europa (principalmente Fran\u00e7a e It\u00e1lia) o melhor das ess\u00eancias e fragr\u00e2ncias dos perfumes importados.<\/em><\/p>\n\n\n\n<p><strong><em>Como usamos as melhores ess\u00eancias que na maior parte das vezes, comp\u00f5em os perfumes originais, o resultado \u00e9 que voc\u00ea tem perfumes que s\u00e3o muito mais que r\u00e9plicas de perfumes importados mais famosos, com personalidade e estilo pr\u00f3prios.<\/em><\/strong><\/p>\n\n\n\n<p class=\"has-palette-color-1-color has-text-color has-link-color wp-elements-6e7af573435a1cf03e13c2932749dc6c\" style=\"font-style:normal;font-weight:600\"><em>Tudo para que voc\u00ea esteja marcante e perfumada o dia todo!<\/em><\/p>\n\n\n\n<p><strong>Fixa\u00e7\u00e3o e Tempo de Perman\u00eancia na Pele<\/strong><\/p>\n\n\n\n<p>Produzindo perfumes artesanais \u201cqualidade premium\u201d desde 2008, n\u00f3s nos preocupamos com a qualidade dos perfumes personalizados que disponibilizamos aos nossos clientes.<\/p>\n\n\n\n<p>Com todos esse cuidados, a durabilidade m\u00e9dia&nbsp;de nossos perfumes \u00e9 de 8 a 10 horas \u2013 comprovadas por diversas avalia\u00e7\u00f5es e testes efetuados por blogueiros de sites dedicados \u00e0 est\u00e9tica e perfumaria.<\/p>\n\n\n\n<p>N\u00f3s temos o objetivo de lhe oferecer sempre a mais alta qualidade em perfumes, com a melhor rela\u00e7\u00e3o custo\/benef\u00edcio.<\/p>\n\n\n\n<p><strong>Para isso adotamos um alt\u00edssimo grau de concentra\u00e7\u00e3o de ess\u00eancia e fixador:&nbsp;mais de 25%.<\/strong><\/p>\n\n\n\n<p>O alto grau de de ess\u00eancia \u00e9 somado \u00e0 exig\u00eancia de nossas mat\u00e9rias-primas: utilizamos somente componentes importados da Europa.<\/p>\n\n\n\n<p>Al\u00e9m disso:<em>&nbsp;n\u00e3o adotamos \u00e1gua em nossos produtos!<\/em><\/p>\n\n\n\n<p><strong>Produzimos perfumes inspirados nas fragr\u00e2ncias mais famosas do mundo, seguindo rigorosamente todos os padr\u00f5es olfativos das melhores&nbsp;marcas de perfumes mundiais, com o melhor custo benef\u00edcio do mercado nacional.<\/strong><\/p>\n\n\n\n<p><em>Os perfumes contratipo da Tattoo Perfumes s\u00e3o a sua melhor op\u00e7\u00e3o em perfumes inspirados em perfumes importados, pois re\u00fane a qualidade das melhores fragr\u00e2ncias importadas com a mais alta qualidade mat\u00e9rias primas e fabrica\u00e7\u00e3o.<\/em><\/p>\n\n\n\n<p class=\"has-text-color has-link-color wp-elements-c5acbd539b3e4bb62c0fd53d349dbab5\" style=\"color:#920c0c\"><em>O<\/em><strong><em>bs: As imagens e marcas do perfume original s\u00e3o meramente ilustrativas sendo utilizadas unicamente como refer\u00eancias olfativas e visuais, pertencendo \u00e0 seus propriet\u00e1rios \u2013 nossos perfumes s\u00e3o comercializados com denomina\u00e7\u00e3o em letras e n\u00fameros&nbsp;\u2013&nbsp;sendo&nbsp;Perfumes Inspirados<\/em><\/strong><\/p>\n\n\n\n<p class=\"has-text-color has-link-color has-small-font-size wp-elements-b5bed1d5323908709cf88f56fbb8b078\" style=\"color:#9d1313;font-style:italic;font-weight:700\"><\/p>\n","protected":false},"excerpt":{"rendered":"<p>Marca:\u00a0<strong><a href=\"https:\/\/tattooperfumes.com.br\">Tattoo Perfumes Contratipo<\/a><\/strong><\/p>\n","protected":false},"featured_media":3599,"comment_status":"open","ping_status":"closed","template":"","meta":{"om_disable_all_campaigns":false,"_monsterinsights_skip_tracking":false,"_monsterinsights_sitenote_active":false,"_monsterinsights_sitenote_note":"","_monsterinsights_sitenote_category":0},"product_cat":[22],"product_tag":[],"aioseo_notices":[],"jetpack_sharing_enabled":true,"_links":{"self":[{"href":"https:\/\/tattooperfumes.com.br\/index.php\/wp-json\/wp\/v2\/product\/3404"}],"collection":[{"href":"https:\/\/tattooperfumes.com.br\/index.php\/wp-json\/wp\/v2\/product"}],"about":[{"href":"https:\/\/tattooperfumes.com.br\/index.php\/wp-json\/wp\/v2\/types\/product"}],"replies":[{"embeddable":true,"href":"https:\/\/tattooperfumes.com.br\/index.php\/wp-json\/wp\/v2\/comments?post=3404"}],"wp:featuredmedia":[{"embeddable":true,"href":"https:\/\/tattooperfumes.com.br\/index.php\/wp-json\/wp\/v2\/media\/3599"}],"wp:attachment":[{"href":"https:\/\/tattooperfumes.com.br\/index.php\/wp-json\/wp\/v2\/media?parent=3404"}],"wp:term":[{"taxonomy":"product_cat","embeddable":true,"href":"https:\/\/tattooperfumes.com.br\/index.php\/wp-json\/wp\/v2\/product_cat?post=3404"},{"taxonomy":"product_tag","embeddable":true,"href":"https:\/\/tattooperfumes.com.br\/index.php\/wp-json\/wp\/v2\/product_tag?post=3404"}],"curies":[{"name":"wp","href":"https:\/\/api.w.org\/{rel}","templated":true}]}}