{"id":3457,"date":"2024-03-12T16:49:11","date_gmt":"2024-03-12T19:49:11","guid":{"rendered":"https:\/\/tattooperfumes.com.br\/?post_type=product&#038;p=3457"},"modified":"2025-12-04T10:52:08","modified_gmt":"2025-12-04T13:52:08","slug":"tt-20-inspiracao-eternity-ck","status":"publish","type":"product","link":"https:\/\/tattooperfumes.com.br\/index.php\/produto\/tt-20-inspiracao-eternity-ck\/","title":{"rendered":"Tt 20 INSPIRA\u00c7\u00c3O ETERNITY CK"},"content":{"rendered":"\n<p class=\"has-text-color has-link-color has-large-font-size wp-elements-ee22f5f06dd01cc63a162187b2049402\" style=\"color:#920c0c\"><strong><em>Contratipo&nbsp;Tt 20 Inspira\u00e7\u00e3o Eternity CK  <\/em><\/strong><\/p>\n\n\n\n<p><\/p>\n\n\n\n<p class=\"has-palette-color-1-color has-text-color has-link-color has-medium-font-size wp-elements-ee324283d04780b8266e1491cf58eef6\" style=\"font-style:normal;font-weight:600\">O <strong><em>Perfume Contratipo Tt- 20 <\/em><\/strong>\u00e9 nossa inspira\u00e7\u00e3o para o perfume importado Eternity CK.<\/p>\n\n\n\n<p><\/p>\n\n\n\n<p style=\"font-size:15px\">O&nbsp;Perfume Contratipo Tt 20 inspirado em Eternity&nbsp;da Tattoo Perfumes \u00e9 um convite ao lado rom\u00e2ntico, leve com uma suave sedu\u00e7\u00e3o. De padr\u00e3o floral e adocicado \u00e9 cheia de charme delicado e sonhador.<\/p>\n\n\n\n<p style=\"font-size:15px\">Uma fragr\u00e2ncia moderna que combina o romantismo com a alegria de viver \u2013 um perfume para te acompanhar o dia todo, com delicadeza e discreto charme.<\/p>\n\n\n\n<p style=\"font-size:15px\">Assumidamente um perfume rom\u00e2ntico, sua inspira\u00e7\u00e3o \u00e9 sempre atual, pois combina notas modernas com a busca pelo amor, pela paix\u00e3o suave e permanente.<\/p>\n\n\n\n<p><\/p>\n\n\n\n<p class=\"has-text-color has-link-color has-medium-font-size wp-elements-379d915ff968b1e791d86b03e46d2945\" style=\"color:#920c0c\"><strong><em>Tattoo Perfumes: voc\u00ea mais PERFUMADA e MARCANTE o dia todo, com MUITO MAIS ECONOMIA.<\/em><\/strong><\/p>\n\n\n\n<p><\/p>\n\n\n\n<p class=\"has-palette-color-1-color has-text-color has-link-color has-medium-font-size wp-elements-2dc5c1f49577b5ec01bf7af6234bd970\" style=\"font-style:italic;font-weight:600\"><strong>Nosso&nbsp;<a href=\"https:\/\/tattooperfumes.com\/contratipo\/\">contratipo<\/a>&nbsp;tem:<\/strong><\/p>\n\n\n\n<ul>\n<li>N\u00edvel de Fixa\u00e7\u00e3o Intenso<\/li>\n\n\n\n<li>O melhor custo benef\u00edcio em pre\u00e7o e economia para voc\u00ea<\/li>\n\n\n\n<li>Fixa\u00e7\u00e3o m\u00ednima de 8 horas<\/li>\n<\/ul>\n\n\n\n<p class=\"has-palette-color-1-color has-text-color has-link-color has-medium-font-size wp-elements-329952c729898b944330bbdabf0422e0\" style=\"font-style:italic;font-weight:600\"><strong>Composi\u00e7\u00e3o do perfume contratipo Tt 20: <\/strong><\/p>\n\n\n\n<p><strong>Notas de cabe\u00e7a:<\/strong>&nbsp;notas&nbsp;de Frutas C\u00edtricas, Notas verdes, TangeNarciso<\/p>\n\n\n\n<p><strong>Notas de corpo<\/strong>: elementos de L\u00edrio do Vale, Cravos, Violeta, Jasmim, Rosa e Narciso<\/p>\n\n\n\n<p><strong>Notas de fundo:<\/strong>&nbsp;notas&nbsp;de S\u00e2ndalo, \u00c2mbar, Patchouli, Alm\u00edscar e Heliotr\u00f3pio<\/p>\n\n\n\n<p><strong>Fam\u00edlia Olfativa:&nbsp;<\/strong>Floral<\/p>\n\n\n\n<p><strong>*Notas de <strong>cabe\u00e7a<\/strong>:<\/strong>&nbsp;primeira impress\u00e3o de um perfume, dura entre 5 e 15 minutos ap\u00f3s a aplica\u00e7\u00e3o na pele.<\/p>\n\n\n\n<p><strong>*Notas de <strong>corpo<\/strong>:<\/strong>&nbsp;come\u00e7am a aparecer \u00e0 medida que as notas de topo desaparecem, durando aproximadamente entre 20 e 60 minutos.<\/p>\n\n\n\n<p><strong>*Notas de <strong>fundo<\/strong><\/strong>&nbsp;o aroma base ao longo do uso do perfume. Permanece mais tempo na pele (at\u00e9 6 horas) ap\u00f3s as outras notas desaparecerem.<\/p>\n\n\n\n<p><\/p>\n\n\n\n<p class=\"has-palette-color-1-color has-text-color has-link-color has-medium-font-size wp-elements-c8a021b782ccb73057097b5ff7fb5e2e\" style=\"font-style:italic;font-weight:600\"><strong><strong>Apresenta\u00e7\u00e3o do Perfume Contratipo Tattoo Perfumes<\/strong><\/strong>:<\/p>\n\n\n\n<ul>\n<li><em>Vidros de 50 ml<\/em><\/li>\n\n\n\n<li><em>Embalagem Sustent\u00e1vel Tubular (ecologicamente correta).<\/em><\/li>\n<\/ul>\n\n\n\n<h2 class=\"wp-block-heading has-text-color has-link-color has-medium-font-size wp-elements-c694e9eb609c0304db013331b986a4b0\" style=\"color:#920c0c;font-style:italic;font-weight:600\"><strong>Fragr\u00e2ncia de Perfumes Importados:<\/strong><\/h2>\n\n\n\n<p><em>N\u00f3s importamos da Europa (principalmente Fran\u00e7a e It\u00e1lia) o melhor das ess\u00eancias e fragr\u00e2ncias dos perfumes importados.<\/em><\/p>\n\n\n\n<p id=\"block-36d30bb0-a3ff-4ed1-b8ed-801896da106d\"><em>Como usamos as melhores ess\u00eancias que na maior parte das vezes, comp\u00f5em os perfumes originais, o resultado \u00e9 que voc\u00ea tem perfumes que s\u00e3o muito mais que r\u00e9plicas de perfumes importados mais famosos, com personalidade e estilo pr\u00f3prios..<\/em><\/p>\n\n\n\n<p id=\"block-a692ee20-31f9-425e-b452-2b583a0ca138\"><em>Tudo para que voc\u00ea esteja marcante e perfumada o dia todo!<\/em><\/p>\n\n\n\n<p id=\"block-57b19560-80d6-4c2a-b0e5-136754d28cb0\">Fixa\u00e7\u00e3o e Tempo de Perman\u00eancia na Pele<\/p>\n\n\n\n<p id=\"block-d88806ac-80a1-47e9-aa42-1e52de3edb3f\">Produzindo perfumes artesanais \u201cqualidade premium\u201d desde 2008, n\u00f3s nos preocupamos com a qualidade dos perfumes personalizados que disponibilizamos aos nossos clientes.<\/p>\n\n\n\n<p id=\"block-9e9d3145-117e-45ab-9273-a05762e4082b\">Com todos esse cuidados, a durabilidade m\u00e9dia&nbsp;de nossos perfumes \u00e9 de 8 a 10 horas \u2013 comprovadas por diversas avalia\u00e7\u00f5es e testes efetuados por blogueiros de sites dedicados \u00e0 est\u00e9tica e perfumaria.<\/p>\n\n\n\n<p id=\"block-bf501207-d4fa-4039-a93d-23ba62407d37\">N\u00f3s temos o objetivo de lhe oferecer sempre a mais alta qualidade em perfumes, com a melhor rela\u00e7\u00e3o custo\/benef\u00edcio.<\/p>\n\n\n\n<p id=\"block-f40a5f21-0a61-4049-abf3-dfdd1b4ee500\">Para isso adotamos um alt\u00edssimo grau de concentra\u00e7\u00e3o de ess\u00eancia e fixador:&nbsp;mais de 25%.<\/p>\n\n\n\n<p id=\"block-5db76464-8c7e-4f62-9be5-bca0f7a98f6a\">O alto grau de de ess\u00eancia \u00e9 somado \u00e0 exig\u00eancia de nossas mat\u00e9rias-primas: utilizamos somente componentes importados da Europa.<\/p>\n\n\n\n<p id=\"block-78269f53-5b81-4cea-91b2-628075e6acc8\">Al\u00e9m disso:<em>&nbsp;n\u00e3o adotamos \u00e1gua em nossos produtos!<\/em><\/p>\n\n\n\n<p id=\"block-07008c5d-afbd-4f42-ab25-4bad7cc94917\">Produzimos perfumes inspirados nas fragr\u00e2ncias mais famosas do mundo, seguindo rigorosamente todos os padr\u00f5es olfativos das melhores&nbsp;marcas de perfumes mundiais, com o melhor custo benef\u00edcio do mercado nacional.<\/p>\n\n\n\n<p><\/p>\n\n\n\n<p class=\"has-text-color has-link-color has-small-font-size wp-elements-58dfba14e58395e6187754a34cdd8486\" style=\"color:#920c0c;font-style:italic;font-weight:700\"><em>Obs: As imagens e marcas do perfume original s\u00e3o meramente ilustrativas sendo utilizadas unicamente como refer\u00eancias olfativas e visuais, pertencendo \u00e0 seus propriet\u00e1rios \u2013 nossos perfumes s\u00e3o comercializados com denomina\u00e7\u00e3o em letras e n\u00fameros&nbsp;\u2013&nbsp;sendo&nbsp;<strong>Perfumes Inspirados<\/strong>.<\/em><\/p>\n","protected":false},"excerpt":{"rendered":"<p>Marca: Tattoo Perfumes Contratipo<\/p>\n","protected":false},"featured_media":3579,"comment_status":"open","ping_status":"closed","template":"","meta":{"om_disable_all_campaigns":false,"_monsterinsights_skip_tracking":false,"_monsterinsights_sitenote_active":false,"_monsterinsights_sitenote_note":"","_monsterinsights_sitenote_category":0},"product_cat":[23],"product_tag":[],"aioseo_notices":[],"jetpack_sharing_enabled":true,"_links":{"self":[{"href":"https:\/\/tattooperfumes.com.br\/index.php\/wp-json\/wp\/v2\/product\/3457"}],"collection":[{"href":"https:\/\/tattooperfumes.com.br\/index.php\/wp-json\/wp\/v2\/product"}],"about":[{"href":"https:\/\/tattooperfumes.com.br\/index.php\/wp-json\/wp\/v2\/types\/product"}],"replies":[{"embeddable":true,"href":"https:\/\/tattooperfumes.com.br\/index.php\/wp-json\/wp\/v2\/comments?post=3457"}],"wp:featuredmedia":[{"embeddable":true,"href":"https:\/\/tattooperfumes.com.br\/index.php\/wp-json\/wp\/v2\/media\/3579"}],"wp:attachment":[{"href":"https:\/\/tattooperfumes.com.br\/index.php\/wp-json\/wp\/v2\/media?parent=3457"}],"wp:term":[{"taxonomy":"product_cat","embeddable":true,"href":"https:\/\/tattooperfumes.com.br\/index.php\/wp-json\/wp\/v2\/product_cat?post=3457"},{"taxonomy":"product_tag","embeddable":true,"href":"https:\/\/tattooperfumes.com.br\/index.php\/wp-json\/wp\/v2\/product_tag?post=3457"}],"curies":[{"name":"wp","href":"https:\/\/api.w.org\/{rel}","templated":true}]}}