{"id":3518,"date":"2025-08-14T13:26:02","date_gmt":"2025-08-14T16:26:02","guid":{"rendered":"https:\/\/tattooperfumes.com.br\/?post_type=product&#038;p=3518"},"modified":"2025-12-09T11:22:57","modified_gmt":"2025-12-09T14:22:57","slug":"tt-47-inspiracao-silver-scent","status":"publish","type":"product","link":"https:\/\/tattooperfumes.com.br\/index.php\/produto\/tt-47-inspiracao-silver-scent\/","title":{"rendered":"Tt 47 INSPIRA\u00c7\u00c3O SILVER SCENT"},"content":{"rendered":"\n<p class=\"has-text-color has-link-color has-large-font-size wp-elements-883be83a3f6afc59317982e6102d5448\" style=\"color:#920c0c;font-style:italic;font-weight:600\">Contratipo Tt 47 Inspira\u00e7\u00e3o Silver Scent<\/p>\n\n\n\n<p><\/p>\n\n\n\n<p class=\"has-medium-font-size\"><strong>O Perfume Contratipo Tt 47&nbsp;\u00e9 nossa inspira\u00e7\u00e3o para o perfume masculino&nbsp;importado&nbsp;Silver Scent<\/strong><\/p>\n\n\n\n<p style=\"font-size:15px\">Tt 47 inspirado no importado Silver Scent masculino para um homem determinado, marcante e seguro de si.  Apresenta uma ess\u00eancia de contrastes, fresco e quente, moderno com uma distin\u00e7\u00e3o cl\u00e1ssica.<\/p>\n\n\n\n<p style=\"font-size:15px\">\u00c9 um perfume masculino que personifica contrastes e revela uma ess\u00eancia m\u00e1gica e viril. Inspirado no mist\u00e9rio do cinema dos anos 40, esse perfume transmite uma sensa\u00e7\u00e3o de emo\u00e7\u00e3o e um magnetismo intenso por meio de um design contempor\u00e2neo.<\/p>\n\n\n\n<p style=\"font-size:15px\"><br>Com uma combina\u00e7\u00e3o \u00fanica de frescor e calor, nosso contratipo Tt 47 inspirado em Silver Scent, apresenta uma distin\u00e7\u00e3o cl\u00e1ssica com um toque moderno. \u00c9 uma fragr\u00e2ncia que cativa e envolve, deixando sua marca por onde passa. \u00c9 um perfume para o homem determinado, marcante e seguro de si.<\/p>\n\n\n\n<p class=\"has-text-color has-link-color has-medium-font-size wp-elements-23eeb2e77af980e7f7b4703d823e1cd7\" style=\"color:#920c0c\"><strong><em>Tattoo Perfumes: voc\u00ea mais PERFUMADO e MARCANTE o dia todo, com MUITO MAIS ECONOMIA.<\/em><\/strong><\/p>\n\n\n\n<p class=\"has-medium-font-size\"><strong><em>Nosso&nbsp;<a href=\"https:\/\/tattooperfumes.com\/contratipo\/\">contratipo<\/a>&nbsp;tem:<\/em><\/strong><\/p>\n\n\n\n<ul>\n<li>N\u00edvel de Fixa\u00e7\u00e3o Intenso<\/li>\n\n\n\n<li>O melhor custo benef\u00edcio em pre\u00e7o e economia para voc\u00ea<\/li>\n\n\n\n<li>Fixa\u00e7\u00e3o m\u00ednima de 8 horas<\/li>\n<\/ul>\n\n\n\n<p class=\"has-medium-font-size\"><strong><em>Composi\u00e7\u00e3o do Perfume Contratipo\u00a0\u00a0Tt 47<\/em><\/strong>:<\/p>\n\n\n\n<p><strong>Notas de cabe\u00e7a:<\/strong>&nbsp;Lim\u00e3o gelado, Laranja da terra e o frescor da Flor de Azahar.<\/p>\n\n\n\n<p><strong>Notas de corpo<\/strong>:&nbsp;Coriandro, Noz-moscada, Romero, Cardamomo, Lavanda e Ger\u00e2nio selvagem.<\/p>\n\n\n\n<p><strong>Notas de fundo:<\/strong>&nbsp;Fava Tonka, Vetiver, Teca, Madeira e L\u00edquen.<\/p>\n\n\n\n<p><strong>Fam\u00edlia Olfativa:&nbsp;<\/strong>Oriental\/ Amadeirado<\/p>\n\n\n\n<p><strong>*Notas de&nbsp;cabe\u00e7a:<\/strong>&nbsp;primeira impress\u00e3o de um perfume, dura entre 5 e 15 minutos ap\u00f3s a aplica\u00e7\u00e3o na pele.<\/p>\n\n\n\n<p><strong>*Notas de&nbsp;corpo:<\/strong>&nbsp;come\u00e7am a aparecer \u00e0 medida que as notas de topo desaparecem, durando aproximadamente entre 20 e 60 minutos.<\/p>\n\n\n\n<p><strong>*Notas de&nbsp;fundo<\/strong>&nbsp;o aroma base ao longo do uso do perfume. Permanece mais tempo na pele (at\u00e9 6 horas) ap\u00f3s as outras notas desaparecerem.<\/p>\n\n\n\n<p class=\"has-medium-font-size\"><strong><em>Apresenta\u00e7\u00e3o do Perfume Contratipo Tattoo Perfumes<\/em><\/strong><\/p>\n\n\n\n<ul>\n<li><em>Vidros de 50 ml<\/em><\/li>\n\n\n\n<li><em>Embalagem Sustent\u00e1vel Tubular (ecologicamente correta)<\/em><\/li>\n<\/ul>\n\n\n\n<p class=\"has-text-color has-link-color has-medium-font-size wp-elements-174f147fbb57ed8cec43ccc295417db8\" style=\"color:#920c0c\"><strong><em>Fragr\u00e2ncia de Perfumes Importados:<\/em><\/strong><\/p>\n\n\n\n<p><em>N\u00f3s importamos da Europa (principalmente Fran\u00e7a e It\u00e1lia) o melhor das ess\u00eancias e fragr\u00e2ncias dos perfumes importados.<\/em><\/p>\n\n\n\n<p style=\"font-style:normal;font-weight:600\"><em>Como usamos as melhores ess\u00eancias que na maior parte das vezes, comp\u00f5em os perfumes originais, o resultado \u00e9 que voc\u00ea tem perfumes que s\u00e3o muito mais que r\u00e9plicas de perfumes importados mais famosos, com personalidade e estilo pr\u00f3prios.<\/em><\/p>\n\n\n\n<p class=\"has-palette-color-1-color has-text-color has-link-color wp-elements-d78ae630dcfc8aa0e5dadbb76ea3de74\"><em>Tudo para que voc\u00ea esteja marcante e perfumado o dia todo!<\/em><\/p>\n\n\n\n<p style=\"font-style:normal;font-weight:600\">Fixa\u00e7\u00e3o e Tempo de Perman\u00eancia na Pele<\/p>\n\n\n\n<p>Produzindo perfumes artesanais \u201cqualidade premium\u201d desde 2008, n\u00f3s nos preocupamos com a qualidade dos perfumes personalizados que disponibilizamos aos nossos clientes.<\/p>\n\n\n\n<p>Com todos esse cuidados, a durabilidade m\u00e9dia&nbsp;de nossos perfumes \u00e9 de 8 a 10 horas \u2013 comprovadas por diversas avalia\u00e7\u00f5es e testes efetuados por blogueiros de sites dedicados \u00e0 est\u00e9tica e perfumaria.<\/p>\n\n\n\n<p>N\u00f3s temos o objetivo de lhe oferecer sempre a mais alta qualidade em perfumes, com a melhor rela\u00e7\u00e3o custo\/benef\u00edcio.<\/p>\n\n\n\n<p style=\"font-style:normal;font-weight:600\">Para isso adotamos um alt\u00edssimo grau de concentra\u00e7\u00e3o de ess\u00eancia e fixador:&nbsp;mais de 25%.<\/p>\n\n\n\n<p>O alto grau de de ess\u00eancia \u00e9 somado \u00e0 exig\u00eancia de nossas mat\u00e9rias-primas: utilizamos somente componentes importados da Europa.<\/p>\n\n\n\n<p>Al\u00e9m disso:<em>&nbsp;n\u00e3o adotamos \u00e1gua em nossos produtos!<\/em><\/p>\n\n\n\n<p style=\"font-style:normal;font-weight:600\">Produzimos perfumes inspirados nas fragr\u00e2ncias mais famosas do mundo, seguindo rigorosamente todos os padr\u00f5es olfativos das melhores&nbsp;marcas de perfumes mundiais, com o melhor custo benef\u00edcio do mercado nacional.<\/p>\n\n\n\n<p><em>Os perfumes contratipo da Tattoo Perfumes s\u00e3o a sua melhor op\u00e7\u00e3o em perfumes inspirados em perfumes importados, pois re\u00fane a qualidade das melhores fragr\u00e2ncias importadas com a mais alta qualidade mat\u00e9rias primas e fabrica\u00e7\u00e3o.<\/em><\/p>\n\n\n\n<p class=\"has-text-color has-link-color wp-elements-e8171df6f5fb681adeba132039190422\" style=\"color:#920c0c\"><strong><em>Obs: As imagens e marcas do perfume original s\u00e3o meramente ilustrativas sendo utilizadas unicamente como refer\u00eancias olfativas e visuais, pertencendo \u00e0 seus propriet\u00e1rios \u2013 nossos perfumes s\u00e3o comercializados com denomina\u00e7\u00e3o em letras e n\u00fameros&nbsp;\u2013&nbsp;sendo&nbsp;Perfumes Inspirados.<\/em><\/strong><\/p>\n","protected":false},"excerpt":{"rendered":"<p>Contratipo Tt 47 Inspira\u00e7\u00e3o Silver Scent O Perfume Contratipo Tt 47&nbsp;\u00e9 nossa inspira\u00e7\u00e3o para o perfume masculino&nbsp;importado&nbsp;Silver Scent Tt 47 inspirado no importado Silver Scent masculino para um homem determinado, [&hellip;]<\/p>\n","protected":false},"featured_media":3606,"comment_status":"open","ping_status":"closed","template":"","meta":{"om_disable_all_campaigns":false,"_monsterinsights_skip_tracking":false,"_monsterinsights_sitenote_active":false,"_monsterinsights_sitenote_note":"","_monsterinsights_sitenote_category":0},"product_cat":[22],"product_tag":[],"aioseo_notices":[],"jetpack_sharing_enabled":true,"_links":{"self":[{"href":"https:\/\/tattooperfumes.com.br\/index.php\/wp-json\/wp\/v2\/product\/3518"}],"collection":[{"href":"https:\/\/tattooperfumes.com.br\/index.php\/wp-json\/wp\/v2\/product"}],"about":[{"href":"https:\/\/tattooperfumes.com.br\/index.php\/wp-json\/wp\/v2\/types\/product"}],"replies":[{"embeddable":true,"href":"https:\/\/tattooperfumes.com.br\/index.php\/wp-json\/wp\/v2\/comments?post=3518"}],"wp:featuredmedia":[{"embeddable":true,"href":"https:\/\/tattooperfumes.com.br\/index.php\/wp-json\/wp\/v2\/media\/3606"}],"wp:attachment":[{"href":"https:\/\/tattooperfumes.com.br\/index.php\/wp-json\/wp\/v2\/media?parent=3518"}],"wp:term":[{"taxonomy":"product_cat","embeddable":true,"href":"https:\/\/tattooperfumes.com.br\/index.php\/wp-json\/wp\/v2\/product_cat?post=3518"},{"taxonomy":"product_tag","embeddable":true,"href":"https:\/\/tattooperfumes.com.br\/index.php\/wp-json\/wp\/v2\/product_tag?post=3518"}],"curies":[{"name":"wp","href":"https:\/\/api.w.org\/{rel}","templated":true}]}}